{"id":3,"date":"2023-08-11T13:26:24","date_gmt":"2023-08-11T13:26:24","guid":{"rendered":"http:\/\/wieczorzanalogiem.pl\/?page_id=3"},"modified":"2024-07-25T10:22:49","modified_gmt":"2024-07-25T10:22:49","slug":"privacy-policy","status":"publish","type":"page","link":"https:\/\/wieczorzanalogiem.pl\/index.php\/privacy-policy\/","title":{"rendered":"Polityka prywatno\u015bci"},"content":{"rendered":"\n<p>I. Postanowienia og\u00f3lne<\/p>\n\n\n\n<ol class=\"wp-block-list\">\n<li>Polityka prywatno\u015bci okre\u015bla, jak zbierane, przetwarzane i przechowywane s\u0105 dane<br>osobowe U\u017cytkownik\u00f3w niezb\u0119dne do \u015bwiadczenia us\u0142ug drog\u0105 elektroniczn\u0105 za<br>po\u015brednictwem serwisu internetowego http:\/\/wieczorzanalogiem.pl (dalej: Serwis).<\/li>\n\n\n\n<li>Serwis zbiera wy\u0142\u0105cznie dane osobowe niezb\u0119dne do \u015bwiadczenia i rozwoju us\u0142ug w<br>nim oferowanych.<\/li>\n\n\n\n<li>Dane osobowe zbierane za po\u015brednictwem Serwisu s\u0105 przetwarzane zgodnie<br>z\u00a0Rozporz\u0105dzeniem Parlamentu Europejskiego i\u00a0Rady (UE) 2016\/679 z\u00a0dnia 27<br>kwietnia 2016 r. w\u00a0sprawie ochrony os\u00f3b fizycznych w\u00a0zwi\u0105zku z\u00a0przetwarzaniem<br>danych osobowych i\u00a0w sprawie swobodnego przep\u0142ywu takich danych oraz uchylenia<br>dyrektywy 95\/46\/WE (og\u00f3lne rozporz\u0105dzenie o\u00a0ochronie danych, dalej RODO) oraz<br>ustaw\u0105 o ochronie danych osobowych z dnia 10 maja 2018 r.<br>II. Administrator danych<br>Administratorem danych osobowych zbieranych poprzez Serwis jest Karol Basiak, adres poczty elektronicznej: wieczorzanalogiem@gmail.com (dalej:<br>Administrator).<br>III. Cel zbierania danych osobowych<\/li>\n\n\n\n<li>Dane osobowe wykorzystywane s\u0105 w celu:<br>o rejestracji konta i weryfikacji to\u017csamo\u015bci U\u017cytkownika,<br>o umo\u017cliwienia logowania do Serwisu,<br>o realizacji umowy dotycz\u0105cej us\u0142ug i e-us\u0142ug,<br>o komunikacji z U\u017cytkownikiem (livechat, formularz kontaktowy itp.)<br>o wysy\u0142ki newslettera (po wyra\u017ceniu zgody U\u017cytkownika na jego<br>otrzymywanie),<br>o prowadzenia systemu komentarzy,<br>o \u015bwiadczenia us\u0142ug spo\u0142eczno\u015bciowych,<br>o promocji oferty Administratora,<br>o marketingu, remarketingu, afiliacji,<br>o personalizacji Serwisu dla U\u017cytkownik\u00f3w,<br>o dzia\u0142a\u0144 analitycznych i statystycznych,<\/li>\n<\/ol>\n\n\n\n<p>o windykacji nale\u017cno\u015bci,<br>o ustalenia i dochodzenia roszcze\u0144&nbsp;albo obrony przed nimi.<\/p>\n\n\n\n<ol class=\"wp-block-list\" start=\"2\">\n<li>Podanie danych jest dobrowolne, ale niezb\u0119dne do zawarcia umowy albo skorzystania<br>z innych funkcjonalno\u015bci Serwisu.<br>IV. Rodzaj przetwarzanych danych osobowych<br>Administrator mo\u017ce przetwarza\u0107\u00a0dane osobowe U\u017cytkownika: imi\u0119 i nazwisko, data<br>urodzenia, adres zamieszkania, adres e-mail, numer telefonu, NIP.<br>V. Okres przetwarzania danych osobowych<br>Dane osobowe U\u017cytkownik\u00f3w b\u0119d\u0105 przetwarzane przez okres:<br>\uf0b7 gdy podstaw\u0105 przetwarzania danych jest wykonanie umowy \u2013 do momentu<br>przedawnienia roszcze\u0144 po jej wykonaniu,<br>\uf0b7 gdy podstaw\u0105 przetwarzania danych jest zgoda \u2013 do momentu jej odwo\u0142ania, a\u00a0po<br>odwo\u0142aniu zgody do przedawnienia roszcze\u0144.<br>W obu przypadkach termin przedawnienia wynosi 6 lat, a\u00a0dla roszcze\u0144 o\u00a0\u015bwiadczenia<br>okresowe i roszcze\u0144 dotycz\u0105cych\u00a0prowadzenia dzia\u0142alno\u015bci gospodarczej \u2013 3 lata (je\u015bli<br>przepis szczeg\u00f3lny nie stanowi inaczej).<br>VI. Udost\u0119pnianie danych osobowych<\/li>\n\n\n\n<li>Dane osobowe U\u017cytkownik\u00f3w mog\u0105 by\u0107 przekazywane: podmiotom powi\u0105zanym z<br>Administratorem, jego podwykonawcom, podmiotom wsp\u00f3\u0142pracuj\u0105cym z<br>Administratorem np. firmom obs\u0142uguj\u0105cym e-p\u0142atno\u015bci, firmom \u015bwiadcz\u0105cym us\u0142ugi<br>kurierskie\/pocztowe, kancelariom prawnym.<\/li>\n\n\n\n<li>Dane osobowe U\u017cytkownik\u00f3w nie b\u0119d\u0105\/b\u0119d\u0105 przekazywane poza teren Europejskiego<br>Obszaru Gospodarczego (EOG).<br>VII. Prawa U\u017cytkownik\u00f3w<\/li>\n\n\n\n<li>U\u017cytkownik Serwisu ma prawo do: dost\u0119pu do tre\u015bci swoich danych osobowych, ich<br>sprostowania, usuni\u0119cia, ograniczenia przetwarzania, przenoszenia, wniesienia<br>sprzeciwu wobec przetwarzania, cofni\u0119cia zgody w ka\u017cdej chwili (co nie ma\u00a0wp\u0142ywu<br>na zgodno\u015b\u0107 z prawem przetwarzania dokonanego w oparciu o zgod\u0119 przed jej<br>cofni\u0119ciem).<\/li>\n\n\n\n<li>Zg\u0142oszenie o wyst\u0105pieniu przez U\u017cytkownika z\u00a0uprawnieniem wynikaj\u0105cym<br>z\u00a0wymienionych praw nale\u017cy przes\u0142a\u0107 na adres wieczorzanalogiem@gmail.com<\/li>\n\n\n\n<li>Administrator spe\u0142nia lub odmawia\u00a0spe\u0142nienia \u017c\u0105dania\u00a0niezw\u0142ocznie \u2013 maksymalnie w<br>ci\u0105gu miesi\u0105ca od jego otrzymania.<\/li>\n\n\n\n<li>U\u017cytkownik ma prawo z\u0142o\u017cy\u0107 skarg\u0119 do Prezesa Urz\u0119du Ochrony Danych<br>Osobowych, je\u015bli uzna, \u017ce przetwarzanie narusza jego prawa i wolno\u015bci (RODO).<br>VIII. Pliki cookies<\/li>\n\n\n\n<li>Serwis zbiera informacje za pomoc\u0105 plik\u00f3w cookies \u2013 sesyjnych, sta\u0142ych i podmiot\u00f3w<br>zewn\u0119trznych.<\/li>\n\n\n\n<li>Zbieranie plik\u00f3w cookies wspiera poprawne \u015bwiadczenie us\u0142ug w Serwisie i s\u0142u\u017cy<br>celom statystycznym.<\/li>\n\n\n\n<li>U\u017cytkownik mo\u017ce okre\u015bli\u0107 zakres dost\u0119pu plik\u00f3w cookies do swojego urz\u0105dzenia w<br>ustawieniach przegl\u0105darki.<br>IX. Zautomatyzowane podejmowanie decyzji i profilowanie<\/li>\n\n\n\n<li>Dane U\u017cytkownik\u00f3w nie mog\u0105 by\u0107\u00a0przetwarzane w zautomatyzowany spos\u00f3b tak, \u017ce<br>na skutek tego mog\u0142yby zapa\u015b\u0107 wobec nich jakiekolwiek decyzje.<\/li>\n\n\n\n<li>Dane U\u017cytkownik\u00f3w mog\u0105 by\u0107 profilowane celem dostosowania tre\u015bci i<br>personalizacji oferty po wyra\u017ceniu przez nich zgody.<br>X. Postanowienia ko\u0144cowe<\/li>\n\n\n\n<li>Administrator ma prawo do wprowadzenia zmian w Polityce prywatno\u015bci, przy czym<br>prawa U\u017cytkownik\u00f3w nie zostan\u0105 ograniczone.<\/li>\n\n\n\n<li>Informacja o wprowadzonych zmianach pojawi si\u0119 w formie komunikatu dost\u0119pnego<br>w Serwisie.<\/li>\n\n\n\n<li>W sprawach nieuregulowanych w niniejszej Polityce prywatno\u015bci obowi\u0105zuj\u0105<br>przepisy RODO i przepisy prawa polskiego.<\/li>\n<\/ol>\n","protected":false},"excerpt":{"rendered":"I. Postanowienia og\u00f3lne o windykacji nale\u017cno\u015bci,o ustalenia i dochodzenia roszcze\u0144&nbsp;albo obrony przed nimi.\n","protected":false},"author":1,"featured_media":0,"parent":0,"menu_order":0,"comment_status":"closed","ping_status":"open","template":"","meta":{"om_disable_all_campaigns":false,"csco_singular_sidebar":"","csco_page_header_type":"","csco_custom_appearance":"","csco_disable_excerpt_posts_layout":false,"csco_page_load_nextpost":"","csco_post_video_location":[],"csco_post_video_location_hash":"","csco_post_video_url":"","csco_post_video_bg_start_time":0,"csco_post_video_bg_end_time":0,"footnotes":""},"class_list":{"0":"post-3","1":"page","2":"type-page","3":"status-publish","5":"cs-entry","6":"cs-video-wrap"},"aioseo_notices":[],"_links":{"self":[{"href":"https:\/\/wieczorzanalogiem.pl\/index.php\/wp-json\/wp\/v2\/pages\/3","targetHints":{"allow":["GET"]}}],"collection":[{"href":"https:\/\/wieczorzanalogiem.pl\/index.php\/wp-json\/wp\/v2\/pages"}],"about":[{"href":"https:\/\/wieczorzanalogiem.pl\/index.php\/wp-json\/wp\/v2\/types\/page"}],"author":[{"embeddable":true,"href":"https:\/\/wieczorzanalogiem.pl\/index.php\/wp-json\/wp\/v2\/users\/1"}],"replies":[{"embeddable":true,"href":"https:\/\/wieczorzanalogiem.pl\/index.php\/wp-json\/wp\/v2\/comments?post=3"}],"version-history":[{"count":1,"href":"https:\/\/wieczorzanalogiem.pl\/index.php\/wp-json\/wp\/v2\/pages\/3\/revisions"}],"predecessor-version":[{"id":5399,"href":"https:\/\/wieczorzanalogiem.pl\/index.php\/wp-json\/wp\/v2\/pages\/3\/revisions\/5399"}],"wp:attachment":[{"href":"https:\/\/wieczorzanalogiem.pl\/index.php\/wp-json\/wp\/v2\/media?parent=3"}],"curies":[{"name":"wp","href":"https:\/\/api.w.org\/{rel}","templated":true}]}}