{"id":33,"date":"2018-06-25T12:27:53","date_gmt":"2018-06-25T12:27:53","guid":{"rendered":"https:\/\/codesupply.co\/?page_id=33"},"modified":"2025-01-28T20:17:50","modified_gmt":"2025-01-28T20:17:50","slug":"contact-form","status":"publish","type":"page","link":"https:\/\/wieczorzanalogiem.pl\/index.php\/contact-form\/","title":{"rendered":"Skontaktuj si\u0119 ze mn\u0105!"},"content":{"rendered":"\n<p>Je\u017celi szukasz pomocy w doborze sprz\u0119tu audio, albo chcia\u0142by\u015b stworzy\u0107 co\u015b wyj\u0105tkowego dla siebie &#8211; zapraszam na audio-architect.eu , dzi\u0119ki temu projektowi wiecz\u00f3r z analogiem mo\u017ce dzia\u0142a\u0107 niezale\u017cnie.<\/p>\n\n\n\n<p>Je\u017celi za\u015b jeste\u015b zainteresowany inn\u0105 form\u0105 wsp\u00f3\u0142pracy, tworzysz co\u015b ciekawego:<\/p>\n\n\n\n<div class=\"cnvs-block-row cnvs-block-row-1574515939981 cnvs-block-row-columns-2\" >\n\t<div class=\"cnvs-block-row-inner\">\n\t\t\n\n<div class=\"cnvs-block-column cnvs-block-column-1574515940052\" >\n\t<div class=\"cnvs-block-column-inner\">\n\t\t<div>\n\t\t\t\n\n<h3 id=\"zostaw-wiadomosc-%f0%9f%99%82\" class=\"wp-block-heading\">Zostaw wiadomo\u015b\u0107 \ud83d\ude42<\/h3>\n\n\t\t<\/div>\n\t<\/div>\n<\/div>\n\n\n\n<div class=\"cnvs-block-column cnvs-block-column-1574515940068\" >\n\t<div class=\"cnvs-block-column-inner\">\n\t\t<div>\n\t\t\t\n\n<div class=\"wpcf7 no-js\" id=\"wpcf7-f5455-o1\" lang=\"pl-PL\" dir=\"ltr\" data-wpcf7-id=\"5455\">\n<div class=\"screen-reader-response\"><p role=\"status\" aria-live=\"polite\" aria-atomic=\"true\"><\/p> <ul><\/ul><\/div>\n<form action=\"\/index.php\/wp-json\/wp\/v2\/pages\/33#wpcf7-f5455-o1\" method=\"post\" class=\"wpcf7-form init\" aria-label=\"Formularz kontaktowy\" novalidate=\"novalidate\" data-status=\"init\">\n<fieldset class=\"hidden-fields-container\"><input type=\"hidden\" name=\"_wpcf7\" value=\"5455\" \/><input type=\"hidden\" name=\"_wpcf7_version\" value=\"6.1.1\" \/><input type=\"hidden\" name=\"_wpcf7_locale\" value=\"pl_PL\" \/><input type=\"hidden\" name=\"_wpcf7_unit_tag\" value=\"wpcf7-f5455-o1\" \/><input type=\"hidden\" name=\"_wpcf7_container_post\" value=\"0\" \/><input type=\"hidden\" name=\"_wpcf7_posted_data_hash\" value=\"\" \/>\n<\/fieldset>\n<p><label> Imi\u0119 i nazwisko<br \/>\n<span class=\"wpcf7-form-control-wrap\" data-name=\"your-name\"><input size=\"40\" maxlength=\"400\" class=\"wpcf7-form-control wpcf7-text wpcf7-validates-as-required\" autocomplete=\"name\" aria-required=\"true\" aria-invalid=\"false\" value=\"\" type=\"text\" name=\"your-name\" \/><\/span> <\/label>\n<\/p>\n<p><label> Tw\u00f3j adres e-mail<br \/>\n<span class=\"wpcf7-form-control-wrap\" data-name=\"your-email\"><input size=\"40\" maxlength=\"400\" class=\"wpcf7-form-control wpcf7-email wpcf7-validates-as-required wpcf7-text wpcf7-validates-as-email\" autocomplete=\"email\" aria-required=\"true\" aria-invalid=\"false\" value=\"\" type=\"email\" name=\"your-email\" \/><\/span> <\/label>\n<\/p>\n<p><label> Temat<br \/>\n<span class=\"wpcf7-form-control-wrap\" data-name=\"your-subject\"><input size=\"40\" maxlength=\"400\" class=\"wpcf7-form-control wpcf7-text wpcf7-validates-as-required\" aria-required=\"true\" aria-invalid=\"false\" value=\"\" type=\"text\" name=\"your-subject\" \/><\/span> <\/label>\n<\/p>\n<p><label> Twoja wiadomo\u015bci (opcjonalne)<br \/>\n<span class=\"wpcf7-form-control-wrap\" data-name=\"your-message\"><textarea cols=\"40\" rows=\"10\" maxlength=\"2000\" class=\"wpcf7-form-control wpcf7-textarea\" aria-invalid=\"false\" name=\"your-message\"><\/textarea><\/span> <\/label>\n<\/p>\n<p><div class=\"ect-turnstile-container\" id=\"ect-cf-turnstile-container-2952402557-1\" data-sitekey=\"0x4AAAAAABDZrtI8mDf_2Iss\" data-theme=\"dark\" data-submit-button=\"\" data-size=\"normal\"><\/div><br \/>\n<input class=\"wpcf7-form-control wpcf7-submit has-spinner\" type=\"submit\" value=\"Wy\u015blij\" \/>\n<\/p><div class=\"wpcf7-response-output\" aria-hidden=\"true\"><\/div>\n<\/form>\n<\/div>\n\n\n\t\t<\/div>\n\t<\/div>\n<\/div>\n\n\t<\/div>\n<\/div>\n\n\n\n<hr class=\"wp-block-separator has-css-opacity is-style-wide is-cnvs-separator-id-1577267376209\"\/>\n\n\n\n<p>Pozdrawiam,<br>Karol<\/p>\n\n\n\n<p><\/p>\n","protected":false},"excerpt":{"rendered":"Je\u017celi szukasz pomocy w doborze sprz\u0119tu audio, albo chcia\u0142by\u015b stworzy\u0107 co\u015b wyj\u0105tkowego dla siebie &#8211; zapraszam na audio-architect.eu&hellip;\n","protected":false},"author":1,"featured_media":0,"parent":0,"menu_order":0,"comment_status":"closed","ping_status":"closed","template":"","meta":{"om_disable_all_campaigns":false,"csco_singular_sidebar":"right","csco_page_header_type":"default","csco_custom_appearance":"","csco_disable_excerpt_posts_layout":false,"csco_page_load_nextpost":"default","csco_post_video_location":[],"csco_post_video_location_hash":"","csco_post_video_url":"","csco_post_video_bg_start_time":0,"csco_post_video_bg_end_time":0,"footnotes":""},"class_list":{"0":"post-33","1":"page","2":"type-page","3":"status-publish","5":"cs-entry","6":"cs-video-wrap"},"aioseo_notices":[],"_links":{"self":[{"href":"https:\/\/wieczorzanalogiem.pl\/index.php\/wp-json\/wp\/v2\/pages\/33","targetHints":{"allow":["GET"]}}],"collection":[{"href":"https:\/\/wieczorzanalogiem.pl\/index.php\/wp-json\/wp\/v2\/pages"}],"about":[{"href":"https:\/\/wieczorzanalogiem.pl\/index.php\/wp-json\/wp\/v2\/types\/page"}],"author":[{"embeddable":true,"href":"https:\/\/wieczorzanalogiem.pl\/index.php\/wp-json\/wp\/v2\/users\/1"}],"replies":[{"embeddable":true,"href":"https:\/\/wieczorzanalogiem.pl\/index.php\/wp-json\/wp\/v2\/comments?post=33"}],"version-history":[{"count":7,"href":"https:\/\/wieczorzanalogiem.pl\/index.php\/wp-json\/wp\/v2\/pages\/33\/revisions"}],"predecessor-version":[{"id":6308,"href":"https:\/\/wieczorzanalogiem.pl\/index.php\/wp-json\/wp\/v2\/pages\/33\/revisions\/6308"}],"wp:attachment":[{"href":"https:\/\/wieczorzanalogiem.pl\/index.php\/wp-json\/wp\/v2\/media?parent=33"}],"curies":[{"name":"wp","href":"https:\/\/api.w.org\/{rel}","templated":true}]}}